{"id":5195,"date":"2026-02-13T11:53:47","date_gmt":"2026-02-13T11:53:47","guid":{"rendered":"https:\/\/ehox.es\/shop\/detecteur-de-monoxyde-et-dioxyde-dazote-analogique-jndual\/"},"modified":"2026-02-13T11:53:47","modified_gmt":"2026-02-13T11:53:47","slug":"detecteur-de-monoxyde-et-dioxyde-dazote-analogique-jndual","status":"publish","type":"product","link":"https:\/\/ehox.es\/fr\/shop\/detecteur-de-monoxyde-et-dioxyde-dazote-analogique-jndual\/","title":{"rendered":"D\u00e9tecteur de monoxyde et dioxyde d\u2019azote analogique JNDUAL"},"content":{"rendered":"<p>D\u00e9tecteur double de monoxyde et dioxyde d\u2019azote analogique par sonde \u00e9lectrochimique. N\u00e9cessite une base standard (R\u00e9f. BS) ou une base haute pour tube apparent (R\u00e9f. BSA). Dimensions 150 mm x 110 mm x 46 mm. Certifi\u00e9 XXX. Adressage par lecture de code QR. Dur\u00e9e de vie 10 ans.     <\/p>\n","protected":false},"excerpt":{"rendered":"D\u00e9tecteur double de monoxyde et dioxyde d\u2019azote analogique par sonde \u00e9lectrochimique.","protected":false},"featured_media":4768,"template":"","meta":[],"product_brand":[],"product_cat":[224,182],"product_tag":[],"class_list":{"0":"post-5195","1":"product","2":"type-product","3":"status-publish","4":"has-post-thumbnail","6":"product_cat-detecteurs-detection-analogique-de-gaz","7":"product_cat-detection-analogique-de-gaz","9":"first","10":"instock","11":"shipping-taxable","12":"product-type-simple"},"_links":{"self":[{"href":"https:\/\/ehox.es\/fr\/wp-json\/wp\/v2\/product\/5195","targetHints":{"allow":["GET"]}}],"collection":[{"href":"https:\/\/ehox.es\/fr\/wp-json\/wp\/v2\/product"}],"about":[{"href":"https:\/\/ehox.es\/fr\/wp-json\/wp\/v2\/types\/product"}],"wp:featuredmedia":[{"embeddable":true,"href":"https:\/\/ehox.es\/fr\/wp-json\/wp\/v2\/media\/4768"}],"wp:attachment":[{"href":"https:\/\/ehox.es\/fr\/wp-json\/wp\/v2\/media?parent=5195"}],"wp:term":[{"taxonomy":"product_brand","embeddable":true,"href":"https:\/\/ehox.es\/fr\/wp-json\/wp\/v2\/product_brand?post=5195"},{"taxonomy":"product_cat","embeddable":true,"href":"https:\/\/ehox.es\/fr\/wp-json\/wp\/v2\/product_cat?post=5195"},{"taxonomy":"product_tag","embeddable":true,"href":"https:\/\/ehox.es\/fr\/wp-json\/wp\/v2\/product_tag?post=5195"}],"curies":[{"name":"wp","href":"https:\/\/api.w.org\/{rel}","templated":true}]}}