{"id":5183,"date":"2026-02-13T11:58:06","date_gmt":"2026-02-13T11:58:06","guid":{"rendered":"https:\/\/ehox.es\/shop\/module-a-2-sorties-relais-pour-gaz-jnr2\/"},"modified":"2026-02-13T11:58:06","modified_gmt":"2026-02-13T11:58:06","slug":"module-a-2-sorties-relais-pour-gaz-jnr2","status":"publish","type":"product","link":"https:\/\/ehox.es\/fr\/shop\/module-a-2-sorties-relais-pour-gaz-jnr2\/","title":{"rendered":"Module \u00e0 2 sorties relais pour gaz JNR2"},"content":{"rendered":"<p>Module \u00e0 2 sorties relais d\u2019alarme et de pr\u00e9alarme pour la d\u00e9tection de CO et de NO2 pour installation en boucle, ne n\u00e9cessite pas d\u2019alimentation externe. Dimensions : 150 mm x 110 mm x 46 mm. Certifi\u00e9 XXX. Adressage par lecture de code QR.   <\/p>\n","protected":false},"excerpt":{"rendered":"Module \u00e0 2 sorties relais d\u2019alarme et de pr\u00e9alarme pour la d\u00e9tection de CO et de NO2.","protected":false},"featured_media":4770,"template":"","meta":[],"product_brand":[],"product_cat":[182,220],"product_tag":[],"class_list":{"0":"post-5183","1":"product","2":"type-product","3":"status-publish","4":"has-post-thumbnail","6":"product_cat-detection-analogique-de-gaz","7":"product_cat-modules-detection-analogique-de-gaz","9":"first","10":"instock","11":"shipping-taxable","12":"product-type-simple"},"_links":{"self":[{"href":"https:\/\/ehox.es\/fr\/wp-json\/wp\/v2\/product\/5183","targetHints":{"allow":["GET"]}}],"collection":[{"href":"https:\/\/ehox.es\/fr\/wp-json\/wp\/v2\/product"}],"about":[{"href":"https:\/\/ehox.es\/fr\/wp-json\/wp\/v2\/types\/product"}],"wp:featuredmedia":[{"embeddable":true,"href":"https:\/\/ehox.es\/fr\/wp-json\/wp\/v2\/media\/4770"}],"wp:attachment":[{"href":"https:\/\/ehox.es\/fr\/wp-json\/wp\/v2\/media?parent=5183"}],"wp:term":[{"taxonomy":"product_brand","embeddable":true,"href":"https:\/\/ehox.es\/fr\/wp-json\/wp\/v2\/product_brand?post=5183"},{"taxonomy":"product_cat","embeddable":true,"href":"https:\/\/ehox.es\/fr\/wp-json\/wp\/v2\/product_cat?post=5183"},{"taxonomy":"product_tag","embeddable":true,"href":"https:\/\/ehox.es\/fr\/wp-json\/wp\/v2\/product_tag?post=5183"}],"curies":[{"name":"wp","href":"https:\/\/api.w.org\/{rel}","templated":true}]}}