{"id":5179,"date":"2026-02-13T12:02:29","date_gmt":"2026-02-13T12:02:29","guid":{"rendered":"https:\/\/ehox.es\/shop\/module-4-sorties-relais-pour-gaz-jnr4\/"},"modified":"2026-02-13T12:02:29","modified_gmt":"2026-02-13T12:02:29","slug":"module-4-sorties-relais-pour-gaz-jnr4","status":"publish","type":"product","link":"https:\/\/ehox.es\/fr\/shop\/module-4-sorties-relais-pour-gaz-jnr4\/","title":{"rendered":"Module 4 sorties relais pour gaz JNR4"},"content":{"rendered":"<p>Module 4 sorties relais d\u2019alarme et pr\u00e9-alarme pour d\u00e9tection de CO et NO2 pour installation en boucle, ne n\u00e9cessite pas d\u2019alimentation externe. Dimensions 150 mm x 110 mm x 46 mm. Certifi\u00e9 XXX. Adressage par lecture de code QR.   <\/p>\n","protected":false},"excerpt":{"rendered":"Module 4 sorties relais d\u2019alarme et pr\u00e9-alarme pour d\u00e9tection de CO et N","protected":false},"featured_media":4772,"template":"","meta":[],"product_brand":[],"product_cat":[182,220],"product_tag":[],"class_list":{"0":"post-5179","1":"product","2":"type-product","3":"status-publish","4":"has-post-thumbnail","6":"product_cat-detection-analogique-de-gaz","7":"product_cat-modules-detection-analogique-de-gaz","9":"first","10":"instock","11":"shipping-taxable","12":"product-type-simple"},"_links":{"self":[{"href":"https:\/\/ehox.es\/fr\/wp-json\/wp\/v2\/product\/5179","targetHints":{"allow":["GET"]}}],"collection":[{"href":"https:\/\/ehox.es\/fr\/wp-json\/wp\/v2\/product"}],"about":[{"href":"https:\/\/ehox.es\/fr\/wp-json\/wp\/v2\/types\/product"}],"wp:featuredmedia":[{"embeddable":true,"href":"https:\/\/ehox.es\/fr\/wp-json\/wp\/v2\/media\/4772"}],"wp:attachment":[{"href":"https:\/\/ehox.es\/fr\/wp-json\/wp\/v2\/media?parent=5179"}],"wp:term":[{"taxonomy":"product_brand","embeddable":true,"href":"https:\/\/ehox.es\/fr\/wp-json\/wp\/v2\/product_brand?post=5179"},{"taxonomy":"product_cat","embeddable":true,"href":"https:\/\/ehox.es\/fr\/wp-json\/wp\/v2\/product_cat?post=5179"},{"taxonomy":"product_tag","embeddable":true,"href":"https:\/\/ehox.es\/fr\/wp-json\/wp\/v2\/product_tag?post=5179"}],"curies":[{"name":"wp","href":"https:\/\/api.w.org\/{rel}","templated":true}]}}