{"id":5131,"date":"2026-01-23T13:28:19","date_gmt":"2026-01-23T13:28:19","guid":{"rendered":"https:\/\/ehox.es\/shop\/centrale-de-detection-algorithmique-1-boucle-bx1-2pro\/"},"modified":"2026-01-23T13:28:19","modified_gmt":"2026-01-23T13:28:19","slug":"centrale-de-detection-algorithmique-1-boucle-bx1-2pro","status":"publish","type":"product","link":"https:\/\/ehox.es\/fr\/shop\/centrale-de-detection-algorithmique-1-boucle-bx1-2pro\/","title":{"rendered":"Centrale de d\u00e9tection algorithmique 1 boucle BX1-2PRO"},"content":{"rendered":"<p>Centrale de d\u00e9tection algorithmique 1 boucle extensible \u00e0 2 via carte de boucle (r\u00e9f. TLBX) avec capacit\u00e9 jusqu&rsquo;\u00e0 350 dispositifs par boucle, avec connexion au r\u00e9seau de centrales NETCOM\u00ae via carte r\u00e9seau (R\u00e9f. T-NETCOM), \u00e9cran TFT tactile 2,7&Prime; multilingue avec enregistrement jusqu&rsquo;\u00e0 10 000 \u00e9v\u00e9nements, 2 E\/S programmables supervis\u00e9es 24 V. 300mA. 2 sorties relais ind\u00e9pendantes pour alarme\/d\u00e9faut.<\/p>\n<p>Configuration et mise en service via port USB et\/ou Bluetooth int\u00e9gr\u00e9 sans carte additionnelle. Communications pour t\u00e9l\u00e9gestion et acc\u00e8s \u00e0 la plateforme Nusku\u00ae via ports Ethernet et Wi-Fi inclus, module 4G en option (r\u00e9f. W4G). Protocole MODBUS disponible via port Ethernet.  <\/p>\n<p>Bo\u00eetier plastique ABS blanc RAL 9010 pour installation en saillie ou encastr\u00e9. Dimensions 360 mm x 400 mm x 100 mm. Certifications CPR EN54-2, EN54-4, EN54-13 et EN54-21. N\u00e9cessite deux batteries 12 V\/7 Ah non incluses.    <\/p>\n","protected":false},"excerpt":{"rendered":"Centrale de d\u00e9tection algorithmique 1 boucle extensible \u00e0 2 avec capacit\u00e9 jusqu&rsquo;\u00e0 350 dispositifs par boucle. \u00c9cran tactile USB\/Bluetooth\/Ethernet\/WiFi\/4G. ","protected":false},"featured_media":4563,"template":"","meta":[],"product_brand":[],"product_cat":[187,190],"product_tag":[],"class_list":{"0":"post-5131","1":"product","2":"type-product","3":"status-publish","4":"has-post-thumbnail","6":"product_cat-detection-algorithmique","7":"product_cat-panneaux-detection-algorithmique","9":"first","10":"instock","11":"shipping-taxable","12":"product-type-simple"},"_links":{"self":[{"href":"https:\/\/ehox.es\/fr\/wp-json\/wp\/v2\/product\/5131","targetHints":{"allow":["GET"]}}],"collection":[{"href":"https:\/\/ehox.es\/fr\/wp-json\/wp\/v2\/product"}],"about":[{"href":"https:\/\/ehox.es\/fr\/wp-json\/wp\/v2\/types\/product"}],"wp:featuredmedia":[{"embeddable":true,"href":"https:\/\/ehox.es\/fr\/wp-json\/wp\/v2\/media\/4563"}],"wp:attachment":[{"href":"https:\/\/ehox.es\/fr\/wp-json\/wp\/v2\/media?parent=5131"}],"wp:term":[{"taxonomy":"product_brand","embeddable":true,"href":"https:\/\/ehox.es\/fr\/wp-json\/wp\/v2\/product_brand?post=5131"},{"taxonomy":"product_cat","embeddable":true,"href":"https:\/\/ehox.es\/fr\/wp-json\/wp\/v2\/product_cat?post=5131"},{"taxonomy":"product_tag","embeddable":true,"href":"https:\/\/ehox.es\/fr\/wp-json\/wp\/v2\/product_tag?post=5131"}],"curies":[{"name":"wp","href":"https:\/\/api.w.org\/{rel}","templated":true}]}}