{"id":5119,"date":"2026-01-23T13:31:27","date_gmt":"2026-01-23T13:31:27","guid":{"rendered":"https:\/\/ehox.es\/shop\/centrale-de-detection-algorithmique-1-boucle-bx1-4max\/"},"modified":"2026-01-23T13:31:27","modified_gmt":"2026-01-23T13:31:27","slug":"centrale-de-detection-algorithmique-1-boucle-bx1-4max","status":"publish","type":"product","link":"https:\/\/ehox.es\/fr\/shop\/centrale-de-detection-algorithmique-1-boucle-bx1-4max\/","title":{"rendered":"Centrale de d\u00e9tection algorithmique 1 boucle BX1-4MAX"},"content":{"rendered":"<p>Centrale de d\u00e9tection algorithmique 1 boucle extensible \u00e0 4 via carte de boucle (r\u00e9f. TLBX), capacit\u00e9 jusqu\u2019\u00e0 350 dispositifs par boucle, connexion au r\u00e9seau de centrales NETCOM\u00ae via carte r\u00e9seau (r\u00e9f. T-NETCOM), \u00e9cran TFT tactile 2,7&Prime; multilingue avec journal jusqu\u2019\u00e0 10\u202f000 \u00e9v\u00e9nements et tablette graphique amovible 10&Prime; pour la configuration de l\u2019installation, la gestion graphique et l\u2019interface avec la plateforme Nusku\u00ae.<\/p>\n<p>Configuration et mise en service via port USB et\/ou Bluetooth int\u00e9gr\u00e9 sans carte additionnelle. 2 E\/S programmables supervis\u00e9es 24 V. 300mA. 2 sorties relais ind\u00e9pendantes pour alarme\/d\u00e9faut. Communications pour t\u00e9l\u00e9gestion et acc\u00e8s \u00e0 la plateforme Nusku\u00ae via ports Ethernet et Wi-Fi inclus, module 4G en option (r\u00e9f. W4G). Protocole MODBUS disponible via port Ethernet.<\/p>\n<p>Bo\u00eetier m\u00e9tallique gris RAL 7035 pour installation en saillie ou encastr\u00e9e. Dimensions : 490 mm x 420 mm.   x 100 mm. Certifications CPR EN54-2, EN54-4, EN54-13 et EN54-21. Quatre batteries 12 V\/7 Ah n\u00e9cessaires, non incluses.<\/p>\n<p>\u00ab\u00a0<\/p>\n","protected":false},"excerpt":{"rendered":"Centrale de d\u00e9tection algorithmique 1 boucle extensible \u00e0 4, capacit\u00e9 jusqu\u2019\u00e0 350 dispositifs par boucle. \u00c9cran tactile et tablette graphique amovible. USB\/Bluetooth\/Ethernet\/WiFi\/4G.  ","protected":false},"featured_media":4562,"template":"","meta":[],"product_brand":[],"product_cat":[187,190],"product_tag":[],"class_list":{"0":"post-5119","1":"product","2":"type-product","3":"status-publish","4":"has-post-thumbnail","6":"product_cat-detection-algorithmique","7":"product_cat-panneaux-detection-algorithmique","9":"first","10":"instock","11":"shipping-taxable","12":"product-type-simple"},"_links":{"self":[{"href":"https:\/\/ehox.es\/fr\/wp-json\/wp\/v2\/product\/5119","targetHints":{"allow":["GET"]}}],"collection":[{"href":"https:\/\/ehox.es\/fr\/wp-json\/wp\/v2\/product"}],"about":[{"href":"https:\/\/ehox.es\/fr\/wp-json\/wp\/v2\/types\/product"}],"wp:featuredmedia":[{"embeddable":true,"href":"https:\/\/ehox.es\/fr\/wp-json\/wp\/v2\/media\/4562"}],"wp:attachment":[{"href":"https:\/\/ehox.es\/fr\/wp-json\/wp\/v2\/media?parent=5119"}],"wp:term":[{"taxonomy":"product_brand","embeddable":true,"href":"https:\/\/ehox.es\/fr\/wp-json\/wp\/v2\/product_brand?post=5119"},{"taxonomy":"product_cat","embeddable":true,"href":"https:\/\/ehox.es\/fr\/wp-json\/wp\/v2\/product_cat?post=5119"},{"taxonomy":"product_tag","embeddable":true,"href":"https:\/\/ehox.es\/fr\/wp-json\/wp\/v2\/product_tag?post=5119"}],"curies":[{"name":"wp","href":"https:\/\/api.w.org\/{rel}","templated":true}]}}