{"id":5105,"date":"2026-01-23T13:15:57","date_gmt":"2026-01-23T13:15:57","guid":{"rendered":"https:\/\/ehox.es\/shop\/centrale-hybride-jusqua-4-zones-2-boucles-zx4\/"},"modified":"2026-01-23T13:15:57","modified_gmt":"2026-01-23T13:15:57","slug":"centrale-hybride-jusqua-4-zones-2-boucles-zx4","status":"publish","type":"product","link":"https:\/\/ehox.es\/fr\/shop\/centrale-hybride-jusqua-4-zones-2-boucles-zx4\/","title":{"rendered":"Centrale hybride jusqu&rsquo;\u00e0 4 zones\/2 boucles ZX4"},"content":{"rendered":"<p>Centrale hybride de 4 zones ou 2 boucles de d\u00e9tection avec capacit\u00e9 de combiner jusqu&rsquo;\u00e0 32 \u00e9l\u00e9ments analogiques et conventionnels par zone et jusqu&rsquo;\u00e0 64 par boucle, avec connexion directe au r\u00e9seau de centrales EH-SYNC\u00ae, \u00e9cran tactile TFT 2,7&Prime; multilingue avec enregistrement de jusqu&rsquo;\u00e0 10 000 \u00e9v\u00e9nements. 2 E\/S programmables supervis\u00e9es 24 V.  300mA. 2 sorties relais ind\u00e9pendantes pour alarme\/d\u00e9faut.<\/p>\n<p>Configuration et mise en service depuis la centrale elle-m\u00eame et via port USB et\/ou Bluetooth int\u00e9gr\u00e9 sans n\u00e9cessit\u00e9 de carte additionnelle au moyen de l&rsquo;app Tools\u00ae. Protocole MODBUS disponible via port Ethernet. Ports Ethernet et WiFi inclus et en option avec module 4G (r\u00e9f. W4G), pour la t\u00e9l\u00e9gestion et l&rsquo;acc\u00e8s \u00e0 la plateforme Nusku\u00ae avec licence incluse permettant les services de connexion \u00e0 CRI, t\u00e9l\u00e9maintenance, t\u00e9l\u00e9programmation des syst\u00e8mes et v\u00e9rification vid\u00e9o des alarmes depuis cam\u00e9ra (r\u00e9f. WCON) avec connexion directe \u00e0 zone ou boucle.<\/p>\n<p>Bo\u00eetier plastique ABS blanc RAL 9010 pour installation en saillie ou encastr\u00e9. Dimensions 360 mm x 400 mm x 100 mm. Certifications CPR EN54-2, EN54-4, EN54-13 et EN54-21. N\u00e9cessite deux batteries 12 V\/7 Ah non incluses.    <\/p>\n","protected":false},"excerpt":{"rendered":"Centrale hybride jusqu&rsquo;\u00e0 4 zones\/2 boucles de d\u00e9tection conventionnelle\/analogique et connexion au r\u00e9seau EH-SYNC\u00ae. \u00c9cran tactile, USB\/Bluetooth\/Ethernet\/WiFi\/4G. ","protected":false},"featured_media":4556,"template":"","meta":[],"product_brand":[],"product_cat":[205,193],"product_tag":[],"class_list":{"0":"post-5105","1":"product","2":"type-product","3":"status-publish","4":"has-post-thumbnail","6":"product_cat-panneaux-detection-hybride","7":"product_cat-detection-hybride","9":"first","10":"instock","11":"shipping-taxable","12":"product-type-simple"},"_links":{"self":[{"href":"https:\/\/ehox.es\/fr\/wp-json\/wp\/v2\/product\/5105","targetHints":{"allow":["GET"]}}],"collection":[{"href":"https:\/\/ehox.es\/fr\/wp-json\/wp\/v2\/product"}],"about":[{"href":"https:\/\/ehox.es\/fr\/wp-json\/wp\/v2\/types\/product"}],"wp:featuredmedia":[{"embeddable":true,"href":"https:\/\/ehox.es\/fr\/wp-json\/wp\/v2\/media\/4556"}],"wp:attachment":[{"href":"https:\/\/ehox.es\/fr\/wp-json\/wp\/v2\/media?parent=5105"}],"wp:term":[{"taxonomy":"product_brand","embeddable":true,"href":"https:\/\/ehox.es\/fr\/wp-json\/wp\/v2\/product_brand?post=5105"},{"taxonomy":"product_cat","embeddable":true,"href":"https:\/\/ehox.es\/fr\/wp-json\/wp\/v2\/product_cat?post=5105"},{"taxonomy":"product_tag","embeddable":true,"href":"https:\/\/ehox.es\/fr\/wp-json\/wp\/v2\/product_tag?post=5105"}],"curies":[{"name":"wp","href":"https:\/\/api.w.org\/{rel}","templated":true}]}}