{"id":5096,"date":"2026-01-23T13:14:20","date_gmt":"2026-01-23T13:14:20","guid":{"rendered":"https:\/\/ehox.es\/shop\/panneau-hybride-jusqua-2-zones-1-boucle-zx2c\/"},"modified":"2026-01-23T13:14:20","modified_gmt":"2026-01-23T13:14:20","slug":"panneau-hybride-jusqua-2-zones-1-boucle-zx2c","status":"publish","type":"product","link":"https:\/\/ehox.es\/fr\/shop\/panneau-hybride-jusqua-2-zones-1-boucle-zx2c\/","title":{"rendered":"Panneau hybride jusqu&rsquo;\u00e0 2 zones\/1 boucle ZX2C"},"content":{"rendered":"<p>Panneau hybride \u00e0 2 zones ou 1 boucle de d\u00e9tection, capable de combiner jusqu&rsquo;\u00e0 32 \u00e9l\u00e9ments analogiques et conventionnels par zone et jusqu&rsquo;\u00e0 64 par boucle, avec connexion directe au r\u00e9seau de panneaux EH-SYNC\u00ae, \u00e9cran TFT tactile multi-langues de 2,7&Prime; avec enregistrement jusqu&rsquo;\u00e0 10 000 \u00e9v\u00e9nements. 2 E\/S programmables supervis\u00e9es 24V.  300mA. 2 sorties relais ind\u00e9pendantes pour alarme\/d\u00e9faut.<\/p>\n<p>Configuration et mise en service depuis le panneau lui-m\u00eame et via port USB et\/ou Bluetooth int\u00e9gr\u00e9, sans carte additionnelle, gr\u00e2ce \u00e0 l&rsquo;application Tools\u00ae. Protocole MODBUS disponible via port Ethernet. Ports Ethernet et Wi-Fi inclus et, en option, avec module 4G (r\u00e9f. W4G), pour la t\u00e9l\u00e9gestion et l&rsquo;acc\u00e8s \u00e0 la plateforme Nusku\u00ae avec licence incluse, permettant les services de connexion \u00e0 un CRI, la t\u00e9l\u00e9maintenance, la t\u00e9l\u00e9programmation des syst\u00e8mes et la vid\u00e9ov\u00e9rification des alarmes depuis une cam\u00e9ra (R\u00e9f. WCON) avec connexion directe \u00e0 la zone ou \u00e0 la boucle.<\/p>\n<p>Bo\u00eetier plastique ABS blanc RAL 9010 pour installation en saillie ou encastr\u00e9. Dimensions 200mm x 290mm x 80mm. Certifi\u00e9e CPR EN54-2, EN54-4, EN54-13 et EN54-21. Deux batteries 12 V\/2 Ah requises, non incluses. <\/p>\n","protected":false},"excerpt":{"rendered":"Panneau hybride jusqu&rsquo;\u00e0 2 zones\/1 boucle de d\u00e9tection conventionnelle\/analogique et connexion au r\u00e9seau EH-SYNC\u00ae. \u00c9cran tactile, USB\/Bluetooth\/Ethernet\/WiFi\/4G. ","protected":false},"featured_media":4555,"template":"","meta":[],"product_brand":[],"product_cat":[205,193],"product_tag":[],"class_list":{"0":"post-5096","1":"product","2":"type-product","3":"status-publish","4":"has-post-thumbnail","6":"product_cat-panneaux-detection-hybride","7":"product_cat-detection-hybride","9":"first","10":"instock","11":"shipping-taxable","12":"product-type-simple"},"_links":{"self":[{"href":"https:\/\/ehox.es\/fr\/wp-json\/wp\/v2\/product\/5096","targetHints":{"allow":["GET"]}}],"collection":[{"href":"https:\/\/ehox.es\/fr\/wp-json\/wp\/v2\/product"}],"about":[{"href":"https:\/\/ehox.es\/fr\/wp-json\/wp\/v2\/types\/product"}],"wp:featuredmedia":[{"embeddable":true,"href":"https:\/\/ehox.es\/fr\/wp-json\/wp\/v2\/media\/4555"}],"wp:attachment":[{"href":"https:\/\/ehox.es\/fr\/wp-json\/wp\/v2\/media?parent=5096"}],"wp:term":[{"taxonomy":"product_brand","embeddable":true,"href":"https:\/\/ehox.es\/fr\/wp-json\/wp\/v2\/product_brand?post=5096"},{"taxonomy":"product_cat","embeddable":true,"href":"https:\/\/ehox.es\/fr\/wp-json\/wp\/v2\/product_cat?post=5096"},{"taxonomy":"product_tag","embeddable":true,"href":"https:\/\/ehox.es\/fr\/wp-json\/wp\/v2\/product_tag?post=5096"}],"curies":[{"name":"wp","href":"https:\/\/api.w.org\/{rel}","templated":true}]}}