{"id":5082,"date":"2026-01-23T13:11:18","date_gmt":"2026-01-23T13:11:18","guid":{"rendered":"https:\/\/ehox.es\/shop\/panneau-de-detection-conventionnel-a-12-zones-cx12-16pro\/"},"modified":"2026-01-23T13:11:18","modified_gmt":"2026-01-23T13:11:18","slug":"panneau-de-detection-conventionnel-a-12-zones-cx12-16pro","status":"publish","type":"product","link":"https:\/\/ehox.es\/fr\/shop\/panneau-de-detection-conventionnel-a-12-zones-cx12-16pro\/","title":{"rendered":"Panneau de d\u00e9tection conventionnel \u00e0 12 zones CX12-16PRO"},"content":{"rendered":"<p>Panneau de d\u00e9tection conventionnel \u00e0 12 zones, extensible \u00e0 16 via une carte de 4 zones (R\u00e9f. TLCX), jusqu&rsquo;\u00e0 32 \u00e9l\u00e9ments par zone, distinguant les alarmes de d\u00e9clencheur manuel et de d\u00e9tecteur, \u00e9cran TFT tactile multi-langues de 2,7\u00a0\u00bb avec enregistrement jusqu&rsquo;\u00e0 10 000 \u00e9v\u00e9nements, 2 E\/S programmables supervis\u00e9es 24V. 300mA. 2 sorties relais ind\u00e9pendantes pour alarme\/d\u00e9faut.<\/p>\n<p>Configuration et mise en service via port USB et\/ou Bluetooth int\u00e9gr\u00e9 sans carte additionnelle. Communications pour t\u00e9l\u00e9gestion et acc\u00e8s \u00e0 la plateforme Nusku\u00ae via ports Ethernet et Wi-Fi inclus, module 4G en option (r\u00e9f. W4G). Protocole MODBUS disponible via port Ethernet.  <\/p>\n<p>Bo\u00eetier plastique ABS blanc RAL 9010 pour installation en saillie ou encastr\u00e9. Dimensions 360 mm x 400 mm x 100 mm. Certifications CPR EN54-2, EN54-4, EN54-13 et EN54-21. N\u00e9cessite deux batteries 12 V\/7 Ah non incluses.    <\/p>\n","protected":false},"excerpt":{"rendered":"Panneau de d\u00e9tection conventionnel \u00e0 12 zones, extensible \u00e0 16. \u00c9cran tactile, USB\/Bluetooth\/Ethernet\/WiFi\/4G. ","protected":false},"featured_media":4566,"template":"","meta":[],"product_brand":[],"product_cat":[203,202],"product_tag":[],"class_list":{"0":"post-5082","1":"product","2":"type-product","3":"status-publish","4":"has-post-thumbnail","6":"product_cat-panneaux-detection-conventionnelle","7":"product_cat-detection-conventionnelle","9":"first","10":"instock","11":"shipping-taxable","12":"product-type-simple"},"_links":{"self":[{"href":"https:\/\/ehox.es\/fr\/wp-json\/wp\/v2\/product\/5082","targetHints":{"allow":["GET"]}}],"collection":[{"href":"https:\/\/ehox.es\/fr\/wp-json\/wp\/v2\/product"}],"about":[{"href":"https:\/\/ehox.es\/fr\/wp-json\/wp\/v2\/types\/product"}],"wp:featuredmedia":[{"embeddable":true,"href":"https:\/\/ehox.es\/fr\/wp-json\/wp\/v2\/media\/4566"}],"wp:attachment":[{"href":"https:\/\/ehox.es\/fr\/wp-json\/wp\/v2\/media?parent=5082"}],"wp:term":[{"taxonomy":"product_brand","embeddable":true,"href":"https:\/\/ehox.es\/fr\/wp-json\/wp\/v2\/product_brand?post=5082"},{"taxonomy":"product_cat","embeddable":true,"href":"https:\/\/ehox.es\/fr\/wp-json\/wp\/v2\/product_cat?post=5082"},{"taxonomy":"product_tag","embeddable":true,"href":"https:\/\/ehox.es\/fr\/wp-json\/wp\/v2\/product_tag?post=5082"}],"curies":[{"name":"wp","href":"https:\/\/api.w.org\/{rel}","templated":true}]}}