{"id":5067,"date":"2026-02-13T15:38:06","date_gmt":"2026-02-13T15:38:06","guid":{"rendered":"https:\/\/ehox.es\/shop\/centrale-de-detection-de-co-analogique-a-2-zones-jn2c\/"},"modified":"2026-02-13T15:38:06","modified_gmt":"2026-02-13T15:38:06","slug":"centrale-de-detection-de-co-analogique-a-2-zones-jn2c","status":"publish","type":"product","link":"https:\/\/ehox.es\/fr\/shop\/centrale-de-detection-de-co-analogique-a-2-zones-jn2c\/","title":{"rendered":"Centrale de d\u00e9tection de CO analogique \u00e0 2 zones JN2C"},"content":{"rendered":"<p>Centrale de d\u00e9tection de CO analogique \u00e0 2 zones, jusqu\u2019\u00e0 32 \u00e9l\u00e9ments par zone, sortie pr\u00e9-alarme et alarme par relais 220 Vca, \u00e9cran tactile TFT 2,7&Prime; multilingue avec historique de 10 000 \u00e9v\u00e9nements, 2 E\/S programmables supervis\u00e9es 24 V. 300 mA. 2 sorties relais ind\u00e9pendantes pour alarme\/d\u00e9faut.<\/p>\n<p>Configuration et mise en service via port USB et\/ou Bluetooth sur carte sans carte additionnelle. Communications pour t\u00e9l\u00e9gestion et acc\u00e8s \u00e0 la plateforme Nusku\u00ae via ports Ethernet et Wi-Fi inclus, module 4G en option (r\u00e9f. W4G). Protocole MODBUS disponible via port Ethernet.<\/p>\n<p>Bo\u00eetier en plastique ABS blanc RAL 9010 pour installation en saillie ou encastr\u00e9e. Dimensions 200 mm x 290 mm x 80 mm. Certifi\u00e9 UNE 23300. Emplacement pour deux batteries 12 V \/ 2 Ah non incluses.<\/p>\n","protected":false},"excerpt":{"rendered":"Centrale de d\u00e9tection de CO analogique \u00e0 2 zones, \u00e9cran tactile, USB\/Bluetooth\/Ethernet\/Wi-Fi\/4G.","protected":false},"featured_media":4777,"template":"","meta":[],"product_brand":[],"product_cat":[183,182],"product_tag":[],"class_list":{"0":"post-5067","1":"product","2":"type-product","3":"status-publish","4":"has-post-thumbnail","6":"product_cat-panneaux-detection-analogique-de-gaz","7":"product_cat-detection-analogique-de-gaz","9":"first","10":"instock","11":"shipping-taxable","12":"product-type-simple"},"_links":{"self":[{"href":"https:\/\/ehox.es\/fr\/wp-json\/wp\/v2\/product\/5067","targetHints":{"allow":["GET"]}}],"collection":[{"href":"https:\/\/ehox.es\/fr\/wp-json\/wp\/v2\/product"}],"about":[{"href":"https:\/\/ehox.es\/fr\/wp-json\/wp\/v2\/types\/product"}],"wp:featuredmedia":[{"embeddable":true,"href":"https:\/\/ehox.es\/fr\/wp-json\/wp\/v2\/media\/4777"}],"wp:attachment":[{"href":"https:\/\/ehox.es\/fr\/wp-json\/wp\/v2\/media?parent=5067"}],"wp:term":[{"taxonomy":"product_brand","embeddable":true,"href":"https:\/\/ehox.es\/fr\/wp-json\/wp\/v2\/product_brand?post=5067"},{"taxonomy":"product_cat","embeddable":true,"href":"https:\/\/ehox.es\/fr\/wp-json\/wp\/v2\/product_cat?post=5067"},{"taxonomy":"product_tag","embeddable":true,"href":"https:\/\/ehox.es\/fr\/wp-json\/wp\/v2\/product_tag?post=5067"}],"curies":[{"name":"wp","href":"https:\/\/api.w.org\/{rel}","templated":true}]}}