{"id":5063,"date":"2026-02-13T15:33:33","date_gmt":"2026-02-13T15:33:33","guid":{"rendered":"https:\/\/ehox.es\/shop\/centrale-de-detection-analogique-co-1-zone-jn1c\/"},"modified":"2026-02-13T15:33:33","modified_gmt":"2026-02-13T15:33:33","slug":"centrale-de-detection-analogique-co-1-zone-jn1c","status":"publish","type":"product","link":"https:\/\/ehox.es\/fr\/shop\/centrale-de-detection-analogique-co-1-zone-jn1c\/","title":{"rendered":"Centrale de d\u00e9tection analogique CO 1 zone JN1C"},"content":{"rendered":"<p>Centrale de d\u00e9tection analogique CO 1 zone jusqu&rsquo;\u00e0 32 \u00e9l\u00e9ments avec sortie pr\u00e9-alarme et alarme par relais 220Vac, \u00e9cran tactile TFT 2,7&Prime; multi-langues avec enregistrement jusqu&rsquo;\u00e0 10 000 \u00e9v\u00e9nements, 2 E\/S programmables supervis\u00e9es 24V. 300mA. 2 sorties relais ind\u00e9pendantes pour alarme\/d\u00e9faut.<\/p>\n<p>Configuration et mise en service via port USB et\/ou Bluetooth int\u00e9gr\u00e9 sans carte additionnelle. Communications pour t\u00e9l\u00e9gestion et acc\u00e8s \u00e0 la plateforme Nusku\u00ae Wifi inclus et en option avec module 4G (r\u00e9f. W4G). Protocole MODBUS disponible via port Ethernet.<\/p>\n<p>Bo\u00eetier plastique ABS blanc RAL 9010 pour installation en saillie ou encastr\u00e9. Dimensions 200mm x 290mm x 80mm. Certifi\u00e9 UNE 23300. Espace pour deux batteries 12V\/2Ah non incluses.<\/p>\n","protected":false},"excerpt":{"rendered":"Centrale de d\u00e9tection analogique CO 1 zone, \u00e9cran tactile, USB\/Bluetooth\/WiFi\/4G.","protected":false},"featured_media":4774,"template":"","meta":[],"product_brand":[],"product_cat":[183,182],"product_tag":[],"class_list":{"0":"post-5063","1":"product","2":"type-product","3":"status-publish","4":"has-post-thumbnail","6":"product_cat-panneaux-detection-analogique-de-gaz","7":"product_cat-detection-analogique-de-gaz","9":"first","10":"instock","11":"shipping-taxable","12":"product-type-simple"},"_links":{"self":[{"href":"https:\/\/ehox.es\/fr\/wp-json\/wp\/v2\/product\/5063","targetHints":{"allow":["GET"]}}],"collection":[{"href":"https:\/\/ehox.es\/fr\/wp-json\/wp\/v2\/product"}],"about":[{"href":"https:\/\/ehox.es\/fr\/wp-json\/wp\/v2\/types\/product"}],"wp:featuredmedia":[{"embeddable":true,"href":"https:\/\/ehox.es\/fr\/wp-json\/wp\/v2\/media\/4774"}],"wp:attachment":[{"href":"https:\/\/ehox.es\/fr\/wp-json\/wp\/v2\/media?parent=5063"}],"wp:term":[{"taxonomy":"product_brand","embeddable":true,"href":"https:\/\/ehox.es\/fr\/wp-json\/wp\/v2\/product_brand?post=5063"},{"taxonomy":"product_cat","embeddable":true,"href":"https:\/\/ehox.es\/fr\/wp-json\/wp\/v2\/product_cat?post=5063"},{"taxonomy":"product_tag","embeddable":true,"href":"https:\/\/ehox.es\/fr\/wp-json\/wp\/v2\/product_tag?post=5063"}],"curies":[{"name":"wp","href":"https:\/\/api.w.org\/{rel}","templated":true}]}}