{"id":5049,"date":"2026-02-13T15:49:31","date_gmt":"2026-02-13T15:49:31","guid":{"rendered":"https:\/\/ehox.es\/shop\/panneau-de-detection-analogique-de-co-et-no2-a-1-boucle-jn1-4pro\/"},"modified":"2026-02-13T15:49:31","modified_gmt":"2026-02-13T15:49:31","slug":"panneau-de-detection-analogique-de-co-et-no2-a-1-boucle-jn1-4pro","status":"publish","type":"product","link":"https:\/\/ehox.es\/fr\/shop\/panneau-de-detection-analogique-de-co-et-no2-a-1-boucle-jn1-4pro\/","title":{"rendered":"Panneau de d\u00e9tection analogique de CO et NO2 \u00e0 1 boucle JN1-4PRO"},"content":{"rendered":"<p>Panneau de d\u00e9tection analogique de CO et NO2 \u00e0 1 boucle, extensible \u00e0 4 via une carte de boucle (r\u00e9f. TLJN), capable de combiner jusqu&rsquo;\u00e0 250 d\u00e9tecteurs analogiques de CO, NO2 ou double CO-NO2 par boucle, sortie de pr\u00e9-alarme et d&rsquo;alarme par relais 220 Vca depuis la boucle via des modules de 2 ou 4 sorties (R\u00e9f. JNR2 ou JNR4) avec connexion directe au r\u00e9seau de panneaux EH-SYNC\u00ae, \u00e9cran TFT tactile multi-langues de 2,7&Prime; avec enregistrement jusqu&rsquo;\u00e0 10 000 \u00e9v\u00e9nements. 2 E\/S programmables supervis\u00e9es 24 V. 300 mA. 2 sorties relais ind\u00e9pendantes pour alarme\/d\u00e9faut.   <\/p>\n<p>Configuration et mise en service depuis le panneau lui-m\u00eame et via le port USB et\/ou Bluetooth int\u00e9gr\u00e9, sans carte additionnelle, gr\u00e2ce \u00e0 l&rsquo;application Tools\u00ae. Protocole MODBUS disponible via le port Ethernet. Ports Ethernet et Wi-Fi inclus et, en option, avec module 4G (r\u00e9f. W4G), pour la t\u00e9l\u00e9gestion et l&rsquo;acc\u00e8s \u00e0 la plateforme Nusku\u00ae.  <\/p>\n<p>Bo\u00eetier en plastique ABS blanc RAL 9010 pour installation en surface ou encastr\u00e9e. Dimensions 360 mm x 400 mm x 100 mm. Certifi\u00e9 UNE 23300. Emplacement pour deux batteries 12 V\/7 Ah non incluses.     <\/p>\n","protected":false},"excerpt":{"rendered":"Panneau de d\u00e9tection analogique de CO et NO2 \u00e0 1 boucle extensible \u00e0 4, \u00e9cran tactile, USB\/Bluetooth\/Ethernet\/WiFi\/4G.","protected":false},"featured_media":4781,"template":"","meta":[],"product_brand":[],"product_cat":[183,182],"product_tag":[],"class_list":{"0":"post-5049","1":"product","2":"type-product","3":"status-publish","4":"has-post-thumbnail","6":"product_cat-panneaux-detection-analogique-de-gaz","7":"product_cat-detection-analogique-de-gaz","9":"first","10":"instock","11":"shipping-taxable","12":"product-type-simple"},"_links":{"self":[{"href":"https:\/\/ehox.es\/fr\/wp-json\/wp\/v2\/product\/5049","targetHints":{"allow":["GET"]}}],"collection":[{"href":"https:\/\/ehox.es\/fr\/wp-json\/wp\/v2\/product"}],"about":[{"href":"https:\/\/ehox.es\/fr\/wp-json\/wp\/v2\/types\/product"}],"wp:featuredmedia":[{"embeddable":true,"href":"https:\/\/ehox.es\/fr\/wp-json\/wp\/v2\/media\/4781"}],"wp:attachment":[{"href":"https:\/\/ehox.es\/fr\/wp-json\/wp\/v2\/media?parent=5049"}],"wp:term":[{"taxonomy":"product_brand","embeddable":true,"href":"https:\/\/ehox.es\/fr\/wp-json\/wp\/v2\/product_brand?post=5049"},{"taxonomy":"product_cat","embeddable":true,"href":"https:\/\/ehox.es\/fr\/wp-json\/wp\/v2\/product_cat?post=5049"},{"taxonomy":"product_tag","embeddable":true,"href":"https:\/\/ehox.es\/fr\/wp-json\/wp\/v2\/product_tag?post=5049"}],"curies":[{"name":"wp","href":"https:\/\/api.w.org\/{rel}","templated":true}]}}